{"id":118,"date":"2026-01-29T09:00:11","date_gmt":"2026-01-29T09:00:11","guid":{"rendered":"https:\/\/mickebergling.se\/wp\/?page_id=118"},"modified":"2026-04-14T13:33:57","modified_gmt":"2026-04-14T13:33:57","slug":"galleri","status":"publish","type":"page","link":"https:\/\/mickebergling.se\/?page_id=118","title":{"rendered":"F\u00f6retag-Portr\u00e4tt-Br\u00f6llop-Kommersiell fotograf"},"content":{"rendered":"\nH\u00e4r visar jag ett urval av mitt arbete \u2013 bilder skapade i m\u00f6tet med m\u00e4nniskor, milj\u00f6er och \u00f6gonblick. Varje fotografi \u00e4r valt med omsorg och speglar mitt s\u00e4tt att se och ber\u00e4tta. K\u00e4nner du igen dig i uttrycket, h\u00f6r g\u00e4rna av dig s\u00e5 skapar vi n\u00e5got tillsammans.\n\n\n\n\n\n<div class=\"wp-block-group has-global-padding is-layout-constrained wp-block-group-is-layout-constrained\">\n<div class=\"wp-block-media-text is-stacked-on-mobile\"><figure class=\"wp-block-media-text__media\"><img loading=\"lazy\" decoding=\"async\" width=\"683\" height=\"1024\" src=\"https:\/\/mickebergling.se\/wp-content\/uploads\/2026\/01\/pp-1-683x1024.jpg\" alt=\"\" class=\"wp-image-49 size-full\" srcset=\"https:\/\/mickebergling.se\/wp-content\/uploads\/2026\/01\/pp-1-683x1024.jpg 683w, https:\/\/mickebergling.se\/wp-content\/uploads\/2026\/01\/pp-1-200x300.jpg 200w, https:\/\/mickebergling.se\/wp-content\/uploads\/2026\/01\/pp-1-768x1152.jpg 768w, https:\/\/mickebergling.se\/wp-content\/uploads\/2026\/01\/pp-1-1024x1536.jpg 1024w, https:\/\/mickebergling.se\/wp-content\/uploads\/2026\/01\/pp-1.jpg 1365w\" sizes=\"auto, (max-width: 683px) 100vw, 683px\" \/><\/figure><div class=\"wp-block-media-text__content\">\n<p><strong>Dags att uppdatera era portr\u00e4ttbilder?<\/strong><br>Portr\u00e4ttfotografierna p\u00e5 er hemsida \u00e4r ofta det f\u00f6rsta intrycket ni ger. Uppdaterade, professionella bilder skapar f\u00f6rtroende, st\u00e4rker ert varum\u00e4rke och visar vilka ni \u00e4r idag \u2013 inte f\u00f6r fem \u00e5r sedan.<br>Jag hj\u00e4lper f\u00f6retag att ta moderna, naturliga och enhetliga portr\u00e4tt som passar b\u00e5de webb, LinkedIn och marknadsf\u00f6ring.<\/p>\n<\/div><\/div>\n<\/div>\n\n\n\n<div class=\"wp-block-columns is-layout-flex wp-container-core-columns-is-layout-28f84493 wp-block-columns-is-layout-flex\">\n<div class=\"wp-block-column is-layout-flow wp-block-column-is-layout-flow\" style=\"flex-basis:100%\">\n<details class=\"wp-block-details is-layout-flow wp-block-details-is-layout-flow\"><summary><\/summary>\n<p><\/p>\n<\/details>\n<\/div>\n<\/div>\n\n\n\n\n<div class=\"wp-block-media-text is-stacked-on-mobile\"><figure class=\"wp-block-media-text__media\"><img loading=\"lazy\" decoding=\"async\" width=\"683\" height=\"1024\" src=\"https:\/\/mickebergling.se\/wp-content\/uploads\/2026\/01\/DSCF3623-2-683x1024.jpg\" alt=\"\" class=\"wp-image-176 size-full\" srcset=\"https:\/\/mickebergling.se\/wp-content\/uploads\/2026\/01\/DSCF3623-2-683x1024.jpg 683w, https:\/\/mickebergling.se\/wp-content\/uploads\/2026\/01\/DSCF3623-2-200x300.jpg 200w, https:\/\/mickebergling.se\/wp-content\/uploads\/2026\/01\/DSCF3623-2-768x1152.jpg 768w, https:\/\/mickebergling.se\/wp-content\/uploads\/2026\/01\/DSCF3623-2-1024x1536.jpg 1024w, https:\/\/mickebergling.se\/wp-content\/uploads\/2026\/01\/DSCF3623-2.jpg 1365w\" sizes=\"auto, (max-width: 683px) 100vw, 683px\" \/><\/figure><div class=\"wp-block-media-text__content\">\n<p><strong>Ett event h\u00e4nder en g\u00e5ng. Bilderna lever vidare.<\/strong><br>Med professionell event fotografering f\u00e5r ni inneh\u00e5ll f\u00f6r hemsida, sociala medier och marknadsf\u00f6ring \u2013 l\u00e5ngt efter att eventet \u00e4r \u00f6ver.<\/p>\n<\/div><\/div>\n\n\n\n\n<div class=\"wp-block-media-text is-stacked-on-mobile\"><figure class=\"wp-block-media-text__media\"><img loading=\"lazy\" decoding=\"async\" width=\"1024\" height=\"683\" src=\"https:\/\/mickebergling.se\/wp-content\/uploads\/2026\/01\/Sonoro-047-1024x683.jpg\" alt=\"\" class=\"wp-image-113 size-full\" srcset=\"https:\/\/mickebergling.se\/wp-content\/uploads\/2026\/01\/Sonoro-047-1024x683.jpg 1024w, https:\/\/mickebergling.se\/wp-content\/uploads\/2026\/01\/Sonoro-047-300x200.jpg 300w, https:\/\/mickebergling.se\/wp-content\/uploads\/2026\/01\/Sonoro-047-768x512.jpg 768w, https:\/\/mickebergling.se\/wp-content\/uploads\/2026\/01\/Sonoro-047-1536x1024.jpg 1536w, https:\/\/mickebergling.se\/wp-content\/uploads\/2026\/01\/Sonoro-047.jpg 2048w\" sizes=\"auto, (max-width: 1024px) 100vw, 1024px\" \/><\/figure><div class=\"wp-block-media-text__content\">\n<p>Som kommersiell fotograf skapar jag bilder som inte bara ser bra ut \u2013 de anv\u00e4nds. Portr\u00e4tt, event och f\u00f6retags foto anpassade f\u00f6r hemsida, sociala medier och marknadsf\u00f6ring.<\/p>\n<\/div><\/div>\n\n\n\n<div class=\"wp-block-media-text is-stacked-on-mobile\"><figure class=\"wp-block-media-text__media\"><img loading=\"lazy\" decoding=\"async\" width=\"1024\" height=\"683\" src=\"https:\/\/mickebergling.se\/wp-content\/uploads\/2026\/01\/2019-08-11-12.09.44-1024x683.jpg\" alt=\"Br\u00f6llop Sandviken-G\u00e4vle\" class=\"wp-image-207 size-full\" srcset=\"https:\/\/mickebergling.se\/wp-content\/uploads\/2026\/01\/2019-08-11-12.09.44-1024x683.jpg 1024w, https:\/\/mickebergling.se\/wp-content\/uploads\/2026\/01\/2019-08-11-12.09.44-300x200.jpg 300w, https:\/\/mickebergling.se\/wp-content\/uploads\/2026\/01\/2019-08-11-12.09.44-768x512.jpg 768w, https:\/\/mickebergling.se\/wp-content\/uploads\/2026\/01\/2019-08-11-12.09.44-1536x1024.jpg 1536w, https:\/\/mickebergling.se\/wp-content\/uploads\/2026\/01\/2019-08-11-12.09.44.jpg 1920w\" sizes=\"auto, (max-width: 1024px) 100vw, 1024px\" \/><\/figure><div class=\"wp-block-media-text__content\">\n<p>Br\u00f6llopsfotografering f\u00f6r par som vill ha tidl\u00f6sa, k\u00e4nslosamma och \u00e4kta bilder \u2013 utan poser som k\u00e4nns tillgjorda.<\/p>\n<\/div><\/div>\n\n\n\n<div class=\"wp-block-group alignfull is-layout-flow wp-block-group-is-layout-flow\">\n<div class=\"wp-block-group alignfull has-mono-4-background-color has-background has-global-padding is-layout-constrained wp-container-core-group-is-layout-b816a7e6 wp-block-group-is-layout-constrained\" style=\"padding-top:var(--wp--preset--spacing--superbspacing-xxlarge);padding-right:var(--wp--preset--spacing--superbspacing-small);padding-bottom:120px;padding-left:var(--wp--preset--spacing--superbspacing-small)\">\n<div class=\"wp-block-group alignwide is-vertical is-content-justification-center is-layout-flex wp-container-core-group-is-layout-4c120eef wp-block-group-is-layout-flex\">\n<h4 class=\"wp-block-heading has-text-align-center has-primary-color has-text-color has-superbfont-xxsmall-font-size\" style=\"font-style:normal;font-weight:700;letter-spacing:5px;text-transform:uppercase\">info@micebergling.se<\/h4>\n\n\n\n<h2 class=\"wp-block-heading has-text-align-center has-contrast-color has-text-color has-superbfont-xlarge-font-size\">Prislista barn\/familj<\/h2>\n\n\n\n<p class=\"has-text-align-center has-secondary-color has-text-color has-superbfont-medium-font-size\">Boka mitt mellersta paket under april och f\u00e5 10 %<\/p>\n<\/div>\n\n\n\n<div class=\"wp-block-media-text alignwide has-media-on-the-right is-stacked-on-mobile\" style=\"grid-template-columns:auto 85%\"><div class=\"wp-block-media-text__content\">\n<p><\/p>\n<\/div><figure class=\"wp-block-media-text__media\"><img loading=\"lazy\" decoding=\"async\" width=\"649\" height=\"842\" src=\"https:\/\/mickebergling.se\/wp-content\/uploads\/2026\/04\/Skarmbild-2026-04-14-145426.png\" alt=\"\" class=\"wp-image-293 size-full\" srcset=\"https:\/\/mickebergling.se\/wp-content\/uploads\/2026\/04\/Skarmbild-2026-04-14-145426.png 649w, https:\/\/mickebergling.se\/wp-content\/uploads\/2026\/04\/Skarmbild-2026-04-14-145426-231x300.png 231w\" sizes=\"auto, (max-width: 649px) 100vw, 649px\" \/><\/figure><\/div>\n\n\n\n<div class=\"wp-block-buttons alignwide is-content-justification-center is-layout-flex wp-container-core-buttons-is-layout-f61863dc wp-block-buttons-is-layout-flex\">\n<div class=\"wp-block-button\"><a class=\"wp-block-button__link wp-element-button\"><sup>Redo att boka, eller nyfiken p\u00e5 en offert? H\u00f6r av dig s\u00e5 skapar vi n\u00e5got tillsammans.<\/sup><strong><em><sup><br><br><\/sup><\/em><\/strong><\/a><\/div>\n<\/div>\n<\/div>\n<\/div>\n\n\n\n<div class=\"wp-block-contact-form-7-contact-form-selector\">\n<div class=\"wpcf7 no-js\" id=\"wpcf7-f128-o1\" lang=\"sv-SE\" dir=\"ltr\" data-wpcf7-id=\"128\">\n<div class=\"screen-reader-response\"><p role=\"status\" aria-live=\"polite\" aria-atomic=\"true\"><\/p> <ul><\/ul><\/div>\n<form action=\"\/index.php?rest_route=%2Fwp%2Fv2%2Fpages%2F118#wpcf7-f128-o1\" method=\"post\" class=\"wpcf7-form init\" aria-label=\"Kontaktformul\u00e4r\" novalidate=\"novalidate\" data-status=\"init\">\n<fieldset class=\"hidden-fields-container\"><input type=\"hidden\" name=\"_wpcf7\" value=\"128\" \/><input type=\"hidden\" name=\"_wpcf7_version\" value=\"6.1.5\" \/><input type=\"hidden\" name=\"_wpcf7_locale\" value=\"sv_SE\" \/><input type=\"hidden\" name=\"_wpcf7_unit_tag\" value=\"wpcf7-f128-o1\" \/><input type=\"hidden\" name=\"_wpcf7_container_post\" value=\"0\" \/><input type=\"hidden\" name=\"_wpcf7_posted_data_hash\" value=\"\" \/>\n<\/fieldset>\n<p><label> Ditt namn<br \/>\n<span class=\"wpcf7-form-control-wrap\" data-name=\"your-name\"><input size=\"40\" maxlength=\"400\" class=\"wpcf7-form-control wpcf7-text wpcf7-validates-as-required\" aria-required=\"true\" aria-invalid=\"false\" value=\"\" type=\"text\" name=\"your-name\" \/><\/span> <\/label>\n<\/p>\n<p><label> Din e-post<br \/>\n<span class=\"wpcf7-form-control-wrap\" data-name=\"your-email\"><input size=\"40\" maxlength=\"400\" class=\"wpcf7-form-control wpcf7-email wpcf7-validates-as-required wpcf7-text wpcf7-validates-as-email\" aria-required=\"true\" aria-invalid=\"false\" value=\"\" type=\"email\" name=\"your-email\" \/><\/span> <\/label>\n<\/p>\n<p><label> \u00c4mne<br \/>\n<span class=\"wpcf7-form-control-wrap\" data-name=\"your-subject\"><input size=\"40\" maxlength=\"400\" class=\"wpcf7-form-control wpcf7-text wpcf7-validates-as-required\" aria-required=\"true\" aria-invalid=\"false\" value=\"\" type=\"text\" name=\"your-subject\" \/><\/span> <\/label>\n<\/p>\n<p><label> Ditt meddelande (valfritt)<br \/>\n<span class=\"wpcf7-form-control-wrap\" data-name=\"your-message\"><textarea cols=\"40\" rows=\"10\" maxlength=\"2000\" class=\"wpcf7-form-control wpcf7-textarea\" aria-invalid=\"false\" name=\"your-message\"><\/textarea><\/span> <\/label>\n<\/p>\n<p><input class=\"wpcf7-form-control wpcf7-submit has-spinner\" type=\"submit\" value=\"Skicka\" \/>\n<\/p><p style=\"display: none !important;\" class=\"akismet-fields-container\" data-prefix=\"_wpcf7_ak_\"><label>&#916;<textarea name=\"_wpcf7_ak_hp_textarea\" cols=\"45\" rows=\"8\" maxlength=\"100\"><\/textarea><\/label><input type=\"hidden\" id=\"ak_js_1\" name=\"_wpcf7_ak_js\" value=\"108\"\/><script>document.getElementById( \"ak_js_1\" ).setAttribute( \"value\", ( new Date() ).getTime() );<\/script><\/p><div class=\"wpcf7-response-output\" aria-hidden=\"true\"><\/div>\n<\/form>\n<\/div>\n<\/div>\n","protected":false},"excerpt":{"rendered":"<p>Dags att uppdatera era portr\u00e4ttbilder?Portr\u00e4ttfotografierna p\u00e5 er hemsida \u00e4r ofta det f\u00f6rsta intrycket ni ger. Uppdaterade, professionella bilder skapar f\u00f6rtroende, st\u00e4rker ert varum\u00e4rke och visar vilka ni \u00e4r idag \u2013 inte f\u00f6r fem \u00e5r sedan.Jag hj\u00e4lper f\u00f6retag att ta moderna, naturliga och enhetliga portr\u00e4tt som passar b\u00e5de webb, LinkedIn och marknadsf\u00f6ring. Som kommersiell fotograf skapar [&hellip;]<\/p>\n","protected":false},"author":2,"featured_media":0,"parent":0,"menu_order":0,"comment_status":"closed","ping_status":"closed","template":"","meta":{"om_disable_all_campaigns":false,"pagelayer_contact_templates":[],"_pagelayer_content":"","_monsterinsights_skip_tracking":false,"_monsterinsights_sitenote_active":false,"_monsterinsights_sitenote_note":"","_monsterinsights_sitenote_category":0,"footnotes":""},"class_list":["post-118","page","type-page","status-publish","hentry"],"aioseo_notices":[],"_links":{"self":[{"href":"https:\/\/mickebergling.se\/index.php?rest_route=\/wp\/v2\/pages\/118","targetHints":{"allow":["GET"]}}],"collection":[{"href":"https:\/\/mickebergling.se\/index.php?rest_route=\/wp\/v2\/pages"}],"about":[{"href":"https:\/\/mickebergling.se\/index.php?rest_route=\/wp\/v2\/types\/page"}],"author":[{"embeddable":true,"href":"https:\/\/mickebergling.se\/index.php?rest_route=\/wp\/v2\/users\/2"}],"replies":[{"embeddable":true,"href":"https:\/\/mickebergling.se\/index.php?rest_route=%2Fwp%2Fv2%2Fcomments&post=118"}],"version-history":[{"count":46,"href":"https:\/\/mickebergling.se\/index.php?rest_route=\/wp\/v2\/pages\/118\/revisions"}],"predecessor-version":[{"id":300,"href":"https:\/\/mickebergling.se\/index.php?rest_route=\/wp\/v2\/pages\/118\/revisions\/300"}],"wp:attachment":[{"href":"https:\/\/mickebergling.se\/index.php?rest_route=%2Fwp%2Fv2%2Fmedia&parent=118"}],"curies":[{"name":"wp","href":"https:\/\/api.w.org\/{rel}","templated":true}]}}