{"id":2,"date":"2026-01-26T14:30:41","date_gmt":"2026-01-26T14:30:41","guid":{"rendered":"https:\/\/mickebergling.se\/wp\/?page_id=2"},"modified":"2026-01-29T10:24:48","modified_gmt":"2026-01-29T10:24:48","slug":"sample-page","status":"publish","type":"page","link":"https:\/\/mickebergling.se\/?page_id=2","title":{"rendered":"Om mig"},"content":{"rendered":"\n<p>Jag \u00e4r <strong>frilansfotograf<\/strong> och f\u00f6r mig handlar fotografering om mer \u00e4n teknik \u2013 det handlar om att skapa ett tryggt och effektivt samarbete. Jag arbetar strukturerat och lugnt f\u00f6r att du snabbt ska k\u00e4nna dig bekv\u00e4m framf\u00f6r kameran och f\u00e5 bilder som fungerar i sitt sammanhang.<\/p>\n\n\n\n<p>Jag fotograferar portr\u00e4tt och f\u00f6retagsbilder i studio eller p\u00e5 plats, med fokus p\u00e5 ett naturligt och professionellt uttryck anpassat efter ditt varum\u00e4rke och dina behov.<\/p>\n\n\n\n<p>Som frilansande fotograf \u00e4r jag flexibel och van att anpassa mig efter olika uppdrag, milj\u00f6er och tidsramar. Processen \u00e4r enkel och prestigel\u00f6s, och m\u00e5nga upplever fotograferingen som smidigare \u00e4n f\u00f6rv\u00e4ntat \u2013 med bilder som \u00e4r l\u00e4tta att anv\u00e4nda i allt fr\u00e5n webb och sociala medier till trycksaker.<\/p>\n\n\n\n<p>Jag utg\u00e5r fr\u00e5n <strong>Sandviken<\/strong> och arbetar <strong>i hela landet<\/strong>.<\/p>\n\n\n\n<figure class=\"wp-block-image size-large is-resized wp-duotone-unset-1\"><img loading=\"lazy\" decoding=\"async\" width=\"1024\" height=\"683\" src=\"https:\/\/mickebergling.se\/wp\/wp-content\/uploads\/2026\/01\/sjalvportratt-1-1024x683.jpg\" alt=\"\" class=\"wp-image-36\" style=\"width:411px;height:auto\" srcset=\"https:\/\/mickebergling.se\/wp-content\/uploads\/2026\/01\/sjalvportratt-1-1024x683.jpg 1024w, https:\/\/mickebergling.se\/wp-content\/uploads\/2026\/01\/sjalvportratt-1-300x200.jpg 300w, https:\/\/mickebergling.se\/wp-content\/uploads\/2026\/01\/sjalvportratt-1-768x512.jpg 768w, https:\/\/mickebergling.se\/wp-content\/uploads\/2026\/01\/sjalvportratt-1-1536x1025.jpg 1536w, https:\/\/mickebergling.se\/wp-content\/uploads\/2026\/01\/sjalvportratt-1.jpg 2048w\" sizes=\"auto, (max-width: 1024px) 100vw, 1024px\" \/><\/figure>\n\n\n\n<p><strong>Kontakta mig f\u00f6r bokning eller offertf\u00f6rfr\u00e5gan.<\/strong><\/p>\n\n\n\n<div class=\"wp-block-contact-form-7-contact-form-selector\">\n<div class=\"wpcf7 no-js\" id=\"wpcf7-f128-o1\" lang=\"sv-SE\" dir=\"ltr\" data-wpcf7-id=\"128\">\n<div class=\"screen-reader-response\"><p role=\"status\" aria-live=\"polite\" aria-atomic=\"true\"><\/p> <ul><\/ul><\/div>\n<form action=\"\/index.php?rest_route=%2Fwp%2Fv2%2Fpages%2F2#wpcf7-f128-o1\" method=\"post\" class=\"wpcf7-form init\" aria-label=\"Kontaktformul\u00e4r\" novalidate=\"novalidate\" data-status=\"init\">\n<fieldset class=\"hidden-fields-container\"><input type=\"hidden\" name=\"_wpcf7\" value=\"128\" \/><input type=\"hidden\" name=\"_wpcf7_version\" value=\"6.1.5\" \/><input type=\"hidden\" name=\"_wpcf7_locale\" value=\"sv_SE\" \/><input type=\"hidden\" name=\"_wpcf7_unit_tag\" value=\"wpcf7-f128-o1\" \/><input type=\"hidden\" name=\"_wpcf7_container_post\" value=\"0\" \/><input type=\"hidden\" name=\"_wpcf7_posted_data_hash\" value=\"\" \/>\n<\/fieldset>\n<p><label> Ditt namn<br \/>\n<span class=\"wpcf7-form-control-wrap\" data-name=\"your-name\"><input size=\"40\" maxlength=\"400\" class=\"wpcf7-form-control wpcf7-text wpcf7-validates-as-required\" aria-required=\"true\" aria-invalid=\"false\" value=\"\" type=\"text\" name=\"your-name\" \/><\/span> <\/label>\n<\/p>\n<p><label> Din e-post<br \/>\n<span class=\"wpcf7-form-control-wrap\" data-name=\"your-email\"><input size=\"40\" maxlength=\"400\" class=\"wpcf7-form-control wpcf7-email wpcf7-validates-as-required wpcf7-text wpcf7-validates-as-email\" aria-required=\"true\" aria-invalid=\"false\" value=\"\" type=\"email\" name=\"your-email\" \/><\/span> <\/label>\n<\/p>\n<p><label> \u00c4mne<br \/>\n<span class=\"wpcf7-form-control-wrap\" data-name=\"your-subject\"><input size=\"40\" maxlength=\"400\" class=\"wpcf7-form-control wpcf7-text wpcf7-validates-as-required\" aria-required=\"true\" aria-invalid=\"false\" value=\"\" type=\"text\" name=\"your-subject\" \/><\/span> <\/label>\n<\/p>\n<p><label> Ditt meddelande (valfritt)<br \/>\n<span class=\"wpcf7-form-control-wrap\" data-name=\"your-message\"><textarea cols=\"40\" rows=\"10\" maxlength=\"2000\" class=\"wpcf7-form-control wpcf7-textarea\" aria-invalid=\"false\" name=\"your-message\"><\/textarea><\/span> <\/label>\n<\/p>\n<p><input class=\"wpcf7-form-control wpcf7-submit has-spinner\" type=\"submit\" value=\"Skicka\" \/>\n<\/p><p style=\"display: none !important;\" class=\"akismet-fields-container\" data-prefix=\"_wpcf7_ak_\"><label>&#916;<textarea name=\"_wpcf7_ak_hp_textarea\" cols=\"45\" rows=\"8\" maxlength=\"100\"><\/textarea><\/label><input type=\"hidden\" id=\"ak_js_1\" name=\"_wpcf7_ak_js\" value=\"244\"\/><script>document.getElementById( \"ak_js_1\" ).setAttribute( \"value\", ( new Date() ).getTime() );<\/script><\/p><div class=\"wpcf7-response-output\" aria-hidden=\"true\"><\/div>\n<\/form>\n<\/div>\n<\/div>\n","protected":false},"excerpt":{"rendered":"<p>Jag \u00e4r frilansfotograf och f\u00f6r mig handlar fotografering om mer \u00e4n teknik \u2013 det handlar om att skapa ett tryggt och effektivt samarbete. Jag arbetar strukturerat och lugnt f\u00f6r att du snabbt ska k\u00e4nna dig bekv\u00e4m framf\u00f6r kameran och f\u00e5 bilder som fungerar i sitt sammanhang. Jag fotograferar portr\u00e4tt och f\u00f6retagsbilder i studio eller p\u00e5 [&hellip;]<\/p>\n","protected":false},"author":2,"featured_media":0,"parent":0,"menu_order":0,"comment_status":"closed","ping_status":"open","template":"","meta":{"om_disable_all_campaigns":false,"pagelayer_contact_templates":[],"_pagelayer_content":"","_monsterinsights_skip_tracking":false,"_monsterinsights_sitenote_active":false,"_monsterinsights_sitenote_note":"","_monsterinsights_sitenote_category":0,"footnotes":""},"class_list":["post-2","page","type-page","status-publish","hentry"],"aioseo_notices":[],"_links":{"self":[{"href":"https:\/\/mickebergling.se\/index.php?rest_route=\/wp\/v2\/pages\/2","targetHints":{"allow":["GET"]}}],"collection":[{"href":"https:\/\/mickebergling.se\/index.php?rest_route=\/wp\/v2\/pages"}],"about":[{"href":"https:\/\/mickebergling.se\/index.php?rest_route=\/wp\/v2\/types\/page"}],"author":[{"embeddable":true,"href":"https:\/\/mickebergling.se\/index.php?rest_route=\/wp\/v2\/users\/2"}],"replies":[{"embeddable":true,"href":"https:\/\/mickebergling.se\/index.php?rest_route=%2Fwp%2Fv2%2Fcomments&post=2"}],"version-history":[{"count":6,"href":"https:\/\/mickebergling.se\/index.php?rest_route=\/wp\/v2\/pages\/2\/revisions"}],"predecessor-version":[{"id":131,"href":"https:\/\/mickebergling.se\/index.php?rest_route=\/wp\/v2\/pages\/2\/revisions\/131"}],"wp:attachment":[{"href":"https:\/\/mickebergling.se\/index.php?rest_route=%2Fwp%2Fv2%2Fmedia&parent=2"}],"curies":[{"name":"wp","href":"https:\/\/api.w.org\/{rel}","templated":true}]}}